{"id":3715,"date":"2022-09-28T17:13:55","date_gmt":"2022-09-28T15:13:55","guid":{"rendered":"https:\/\/enelion.com\/?page_id=3715"},"modified":"2022-09-29T12:58:08","modified_gmt":"2022-09-29T10:58:08","slug":"regulamin_swiadczenia_uslug","status":"publish","type":"page","link":"https:\/\/enelion.com\/pl\/regulamin_swiadczenia_uslug\/","title":{"rendered":"Regulamin \u015bwiadczenia us\u0142ug"},"content":{"rendered":"<p><b>Za\u0142\u0105cznik nr 2 do Umowy<\/b><span style=\"font-weight: 400;\"> \u2013 Wz\u00f3r regulaminu \u015bwiadczenia us\u0142ugi \u0142adowania samochod\u00f3w elektrycznych\u00a0<\/span><\/p>\n<p>&nbsp;<\/p>\n<p><b>REGULAMIN \u015aWIADCZENIA US\u0141UGI \u0141ADOWANIA SAMOCHOD\u00d3W ELEKTRYCZNYCH\u00a0<\/b><\/p>\n<h2><b>DEFINICJE<\/b><\/h2>\n<p><b>Dostawca us\u0142ugi \u2013 <\/b><b><i>Enelion sp. z o.o.<\/i><\/b><\/p>\n<p><b>Cennik<\/b><span style=\"font-weight: 400;\"> \u2013 wykaz op\u0142at za Us\u0142ug\u0119 \u0141adowania. Cennik jest dost\u0119pny za\u0142\u0105cznik nr 1 do umowy.<\/span><\/p>\n<p><b>Karta RFID <\/b><span style=\"font-weight: 400;\">\u2013 karta autoryzuj\u0105ca dost\u0119p do Stacji \u0141adowania, wydawana przez Administratora.<\/span><\/p>\n<p><b>Pojazd <\/b><span style=\"font-weight: 400;\">\u2013 pojazd samochodowy w rozumieniu art. 2 pkt 33 ustawy z dnia 20 czerwca 1997 r. &#8211; Prawo o ruchu drogowym, wykorzystuj\u0105cy do nap\u0119du wy\u0142\u0105cznie energi\u0119 elektryczn\u0105 akumulowan\u0105 przez pod\u0142\u0105czenie do zewn\u0119trznego \u017ar\u00f3d\u0142a zasilania oraz pojazd o nap\u0119dzie spalinowo-elektrycznym, w kt\u00f3rym energia elektryczna jest akumulowana przez pod\u0142\u0105czenie do zewn\u0119trznego \u017ar\u00f3d\u0142a zasilania.<\/span><\/p>\n<p><b>Stacja\u00a0<\/b><span style=\"font-weight: 400;\">\u2013<\/span><b> <\/b><span style=\"font-weight: 400;\">urz\u0105dzenie budowlane obejmuj\u0105ce punkt \u0142adowania o normalnej mocy lub\u00a0 punkt\u00a0 \u0142adowania\u00a0 o\u00a0 du\u017cej\u00a0 mocy,\u00a0 zwi\u0105zane\u00a0 z\u00a0 obiektem\u00a0 budowlanym i wyposa\u017cone w oprogramowanie umo\u017cliwiaj\u0105ce\u00a0 \u015bwiadczenie\u00a0 Us\u0142ugi\u00a0 \u0141adowania\u00a0 wraz\u00a0 ze\u00a0 stanowiskiem\u00a0 postojowym;\u00a0<\/span><span style=\"font-weight: 400;\">lub\u00a0<\/span><span style=\"font-weight: 400;\">wolnostoj\u0105cy obiekt budowlany z zainstalowanym co najmniej jednym punktem \u0142adowania o normalnej mocy lub punktem \u0142adowania o du\u017cej mocy,\u00a0 wyposa\u017cony w oprogramowanie umo\u017cliwiaj\u0105ce\u00a0 \u015bwiadczenie\u00a0 Us\u0142ugi\u00a0 \u0141adowania wraz\u00a0 ze\u00a0 stanowiskiem\u00a0 postojowym.<\/span><\/p>\n<p><b>Us\u0142uga \u0141adowania<\/b><span style=\"font-weight: 400;\"> \u2013 us\u0142uga polegaj\u0105ca na umo\u017cliwieniu poboru energii elektrycznej przez Pojazd na potrzeby nap\u0119du tego Pojazdu.\u00a0<\/span><\/p>\n<p><b>U\u017cytkownik\u00a0<\/b><span style=\"font-weight: 400;\">\u2013\u00a0<\/span><b><\/b><span style=\"font-weight: 400;\">pe\u0142noletnia osoba fizyczna, posiadaj\u0105ca pe\u0142n\u0105 zdolno\u015b\u0107 do czynno\u015bci prawnych lub osoba prawna lub jednostka organizacyjna, nieb\u0119d\u0105ca osob\u0105 prawn\u0105, kt\u00f3rej ustawa przyznaje zdolno\u015b\u0107 prawn\u0105, b\u0119d\u0105ca w\u0142a\u015bcicielem lub posiadaczem Pojazdu, korzystaj\u0105ca z Us\u0142ugi \u0141adowania.<\/span><\/p>\n<p><b>Op\u0142ata <\/b><span style=\"font-weight: 400;\">\u2013 wynagrodzenie za Us\u0142ugi \u0141adowania naliczone w danym miesi\u0105cu, obliczone zgodnie z Cennikiem.<\/span><\/p>\n<h2><b>POSTANOWIENIA OG\u00d3LNE<\/b><\/h2>\n<p><span style=\"font-weight: 400;\">Niniejszy Regulamin okre\u015bla warunki \u015bwiadczenia Us\u0142ugi \u0141adowania oraz ustalenia Op\u0142aty za Us\u0142ug\u0119 \u0141adowania.\u00a0\u00a0<\/span><\/p>\n<p><span style=\"font-weight: 400;\">Regulamin jest udost\u0119pniony nieodp\u0142atnie w wersji elektronicznej na stronie <em>https:\/\/enelion.com\/regulamin_swiadczenia_uslug<\/em>\u00a0<\/span><span style=\"font-weight: 400;\">&#8211; w spos\u00f3b umo\u017cliwiaj\u0105cy zapoznanie si\u0119 z tre\u015bci\u0105 Regulaminu i jego pobranie przez U\u017cytkownika w ka\u017cdym czasie, w tym r\u00f3wnie\u017c przed zawarciem Umowy.\u00a0<\/span><\/p>\n<h2><b>Warunki \u015aWIADCZENIA US\u0141UGI \u0141ADOWANIA<\/b><\/h2>\n<p><span style=\"font-weight: 400;\">U\u017cytkownik jest zobowi\u0105zany do korzystania ze Stacji \u0141adowania zgodnie z niniejszym Regulaminem, instrukcj\u0105 obs\u0142ugi Stacji \u0141adowania oraz zasadami korzystania ze Stacji \u0141adowania, udost\u0119pnionymi przez operatora.\u00a0<\/span><\/p>\n<p><span style=\"font-weight: 400;\">W trakcie korzystania z\u00a0Us\u0142ugi \u0141adowania, U\u017cytkownik powinien zajmowa\u0107 stanowisko postojowe tylko przez czas niezb\u0119dny do na\u0142adowania pojazdu.<\/span><\/p>\n<p><span style=\"font-weight: 400;\">Stacja \u0141adowania jest stacja\u0328 bezobs\u0142ugowa\u0328.\u00a0<\/span><\/p>\n<p><span style=\"font-weight: 400;\">Us\u0142uga \u0141adowania jest \u015bwiadczona jest w zale\u017cno\u015bci od dost\u0119pno\u015bci Stacji \u0141adowania. Od\u0142\u0105czanie pojazd\u00f3w os\u00f3b trzecich od Stacji \u0141adowania przez U\u017cytkownika jest bezwzgl\u0119dnie zabronione.\u00a0<\/span><\/p>\n<p><span style=\"font-weight: 400;\">W przypadku stwierdzenia nieprzestrzegania zasad Regulaminu, instrukcji obs\u0142ugi Stacji \u0141adowania lub zasad korzystania ze Stacji \u0141adowania, a w\u00a0szczeg\u00f3lno\u015bci zajmowania stanowiska postojowego w\u00a0celu niezwi\u0105zanym z\u00a0\u0142adowaniem Pojazdu, Dostawca us\u0142ugi zastrzega sobie prawo do wezwania w\u0142a\u015bciwych s\u0142u\u017cb w\u00a0celu usuni\u0119cia takiego Pojazdu na koszt w\u0142a\u015bciciela.\u00a0<\/span><\/p>\n<h2><b>CENA US\u0141UGI \u0141ADOWANIA i ROZLICZENIA\u00a0<\/b><\/h2>\n<p><span style=\"font-weight: 400;\">Us\u0142uga \u0141adowania jest odp\u0142atna. Wysoko\u015b\u0107 op\u0142at za Us\u0142ug\u0119 \u0141adowania okre\u015bla Cennik. Cennik jest dost\u0119pny za\u0142\u0105cznik nr 1 do umowy.<\/span><\/p>\n<p><span style=\"font-weight: 400;\">Przed rozpocz\u0119ciem \u015bwiadczenia Us\u0142ugi \u0141adowania, U\u017cytkownikow<\/span><span style=\"font-weight: 400;\">i akceptuje cen\u0119 za dan\u0105 jednostk\u0119 rozliczeniow\u0105 zgodn\u0105 z Cennikiem. Wysoko\u015b\u0107 ca\u0142kowitej Op\u0142aty za Us\u0142ug\u0119 \u0141adowania jest zale\u017cna od czasu i mocy \u0142adowania.\u00a0<\/span><\/p>\n<p><span style=\"font-weight: 400;\">Pomiar poboru energii w ramach Us\u0142ugi \u0141adowania, stanowi\u0105cy podstaw\u0119 do ustalenia Op\u0142aty nast\u0119puje za pomoc\u0105 urz\u0105dze\u0144 pomiarowych okre\u015blaj\u0105cych wolumen\u00a0 przekazywanej\u00a0 energii\u00a0 elektrycznej\u00a0 (w\u00a0 kWh)\u00a0 do\u00a0 Pojazdu i\u00a0 oprogramowania\u00a0 wykorzystywanego\u00a0 do\u00a0 przetwarzania\u00a0 tych danych pomiarowych, kt\u00f3re s\u0105 zainstalowane w Stacji \u0141adowania przez producenta Stacji \u0141adowania. Pomiar ten mo\u017ce nie uwzgl\u0119dnia\u0107 strat energii, mo\u017cliwych w trakcie \u015bwiadczenia Us\u0142ugi \u0141adowania.<\/span><\/p>\n<p><span style=\"font-weight: 400;\">Dostawca us\u0142ugi akceptuje nast\u0119puj\u0105ce metody p\u0142atno\u015bci:\u00a0<\/span><span style=\"font-weight: 400;\">p\u0142atno\u015b\u0107 kart\u0105 p\u0142atnicz\u0105 U\u017cytkownika za po\u015brednictwem platformy p\u0142atniczej Dostawcy Us\u0142ugi;\u00a0<\/span><span style=\"font-weight: 400;\">autoryzacja za pomoc\u0105 karty RFID.\u00a0<\/span><\/p>\n<p><span style=\"font-weight: 400;\">W przypadku p\u0142atno\u015bci kart\u0105 p\u0142atnicz\u0105 U\u017cytkownik wyra\u017ca zgod\u0119 na preautoryzacj\u0119 \u015brodk\u00f3w w ramach swojego rachunku bankowego, podaj\u0105c maksymaln\u0105 wysoko\u015b\u0107 Op\u0142aty z tytu\u0142u Us\u0142ugi \u0141adowania oraz akceptuje blokad\u0119 wybranej wysoko\u015bci \u015brodk\u00f3w na rachunku bankowym. Obci\u0105\u017cenie karty p\u0142atniczej U\u017cytkownika nast\u0119puje z chwil\u0105 zako\u0144czenia \u015bwiadczenia Us\u0142ugi \u0141adowania.\u00a0\u00a0<\/span><\/p>\n<p><span style=\"font-weight: 400;\">W przypadku wyst\u0105pienia konieczno\u015bci zwrotu Op\u0142aty zap\u0142aconej przez U\u017cytkownika z wykorzystaniem karty p\u0142atniczej, Dostawca us\u0142ugi dokonana zwrotu Op\u0142aty na rachunek bankowy przypisany do karty p\u0142atniczej U\u017cytkownika.\u00a0<\/span><\/p>\n<p><span style=\"font-weight: 400;\">Dostawca us\u0142ugi wystawi na rzecz U\u017cytkownika faktur\u0119 VAT, kt\u00f3ra zostanie dor\u0119czona na adres e-mail wskazany przez U\u017cytkownika w Aplikacji eNgine.<\/span><\/p>\n<p><span style=\"font-weight: 400;\">W przypadku autoryzacji za pomoc\u0105 karty RFID, Dostawca us\u0142ugi wystawi na rzecz U\u017cytkownika faktur\u0119 VAT, obejmuj\u0105c\u0105 Us\u0142ugi \u0141adowania \u015bwiadczone w danym miesi\u0105cu, autoryzowane za pomoc\u0105 karty RFID przypisanej do U\u017cytkownika. Faktura b\u0119dzie dostarczana w formie elektronicznej do 15 dnia ka\u017cdego miesi\u0105ca<\/span><span style=\"font-weight: 400;\">.<\/span><\/p>\n<h2><b>ODPOWIEDZIALNO\u015a\u0106<\/b><\/h2>\n<p><span style=\"font-weight: 400;\">Dostawca us\u0142ugi zastrzega sobie prawo do obci\u0105\u017cenia U\u017cytkownika kosztami, zwi\u0105zanymi z korzystaniem przez U\u017cytkownika ze Stacji \u0141adowania lub infrastruktury Stacji \u0141adowania niezgodnie z instrukcj\u0105 obs\u0142ugi Stacji \u0141adowania, zasadami korzystania ze Stacji \u0141adowania lub niniejszym Regulaminem.\u00a0<\/span><\/p>\n<p><span style=\"font-weight: 400;\">Dostawca us\u0142ugi nie ponosi odpowiedzialno\u015bci za skutki korzystania przez U\u017cytkownika z uszkodzonej Stacji \u0141adowania.\u00a0<\/span><\/p>\n<p><span style=\"font-weight: 400;\">Dostawca us\u0142ugi nie ponosi odpowiedzialno\u015bci w przypadku braku mo\u017cliwo\u015bci skorzystania z Us\u0142ugi \u0141adowania w sytuacjach od niego niezale\u017cnych, w szczeg\u00f3lno\u015bci w razie awarii, konserwacji czy modernizacji Stacji \u0141adowania lub infrastruktury Stacji \u0141adowania.<\/span><\/p>\n<p><span style=\"font-weight: 400;\">Dostawca us\u0142ugi do\u0142o\u017cy wszelkich stara\u0144\u0301, aby bie\u017c\u0105co informowa\u0107\u0301 o utrudnieniach zwi\u0105zanych z praca\u0328 Stacji \u0141adowania lub dost\u0119pno\u015bci\u0105 infrastruktury Stacji \u0141adowania.\u00a0<\/span><\/p>\n<p><span style=\"font-weight: 400;\">Dostawca us\u0142ugi nie ponosi odpowiedzialno\u015bci za rzeczy pozostawione przez U\u017cytkownika przy Stacji \u0141adowania.<\/span><\/p>\n<h2><b>Awarie oraz zastrze\u017cenia\u00a0<\/b><\/h2>\n<p><span style=\"font-weight: 400;\">Wszelkie awarie Stacji \u0141adowania i zastrze\u017cenia co do dost\u0119pno\u015bci infrastruktury Stacji \u0141adowania oraz \u015bwiadczonej Us\u0142ugi \u0141adowania nale\u017cy zg\u0142asza\u0107 poprzez narz\u0119dzie Jira Service Management, gdzie Administrator wska\u017ce adres mailowy osoby dedykowanej do realizacji zg\u0142osze\u0144. Dodatkowo do dyspozycji Administratora pozostaje kontakt telefoniczny:<\/span><\/p>\n<p><span style=\"font-weight: 400;\">Hardware &#8211; 696 423 024<\/span><\/p>\n<p><span style=\"font-weight: 400;\">software &#8211; 696 422 937<\/span><\/p>\n<h2><b>POSTANOWIENIA KO\u0143COWE<\/b><\/h2>\n<p><span style=\"font-weight: 400;\">Regulamin obowi\u0105zuje od dnia 09.09.2022.<\/span><\/p>\n<p>&nbsp;<\/p>\n<p><a href=\"https:\/\/enelion.com\/wp-content\/uploads\/2022\/09\/Zalacznik-nr-2-regulamin-swiadczenia-uslug-1.pdf\" target=\"_blank\" rel=\"noopener\">Pobierz regulamin<\/a><\/p>\n","protected":false},"excerpt":{"rendered":"<p>Za\u0142\u0105cznik nr 2 do Umowy \u2013 Wz\u00f3r regulaminu \u015bwiadczenia us\u0142ugi \u0142adowania samochod\u00f3w elektrycznych\u00a0 &nbsp; REGULAMIN \u015aWIADCZENIA US\u0141UGI \u0141ADOWANIA SAMOCHOD\u00d3W ELEKTRYCZNYCH\u00a0 DEFINICJE Dostawca us\u0142ugi \u2013 Enelion sp. z o.o. Cennik \u2013 wykaz op\u0142at za Us\u0142ug\u0119 \u0141adowania. Cennik jest dost\u0119pny za\u0142\u0105cznik nr 1 do umowy. Karta RFID \u2013 karta autoryzuj\u0105ca dost\u0119p do Stacji \u0141adowania, wydawana przez Administratora. [&hellip;]<\/p>\n","protected":false},"author":1,"featured_media":0,"parent":0,"menu_order":0,"comment_status":"closed","ping_status":"closed","template":"template-empty.php","meta":{"_acf_changed":false,"footnotes":""},"class_list":["post-3715","page","type-page","status-publish","hentry"],"acf":[],"yoast_head":"<!-- This site is optimized with the Yoast SEO plugin v27.4 - https:\/\/yoast.com\/product\/yoast-seo-wordpress\/ -->\n<title>Regulamin \u015bwiadczenia us\u0142ug - Enelion<\/title>\n<meta name=\"robots\" content=\"index, follow, max-snippet:-1, max-image-preview:large, max-video-preview:-1\" \/>\n<link rel=\"canonical\" href=\"https:\/\/enelion.com\/pl\/regulamin_swiadczenia_uslug\/\" \/>\n<meta property=\"og:locale\" content=\"pl_PL\" \/>\n<meta property=\"og:type\" content=\"article\" \/>\n<meta property=\"og:title\" content=\"Regulamin \u015bwiadczenia us\u0142ug - Enelion\" \/>\n<meta property=\"og:description\" content=\"Za\u0142\u0105cznik nr 2 do Umowy \u2013 Wz\u00f3r regulaminu \u015bwiadczenia us\u0142ugi \u0142adowania samochod\u00f3w elektrycznych\u00a0 &nbsp; REGULAMIN \u015aWIADCZENIA US\u0141UGI \u0141ADOWANIA SAMOCHOD\u00d3W ELEKTRYCZNYCH\u00a0 DEFINICJE Dostawca us\u0142ugi \u2013 Enelion sp. z o.o. Cennik \u2013 wykaz op\u0142at za Us\u0142ug\u0119 \u0141adowania. Cennik jest dost\u0119pny za\u0142\u0105cznik nr 1 do umowy. Karta RFID \u2013 karta autoryzuj\u0105ca dost\u0119p do Stacji \u0141adowania, wydawana przez Administratora. [&hellip;]\" \/>\n<meta property=\"og:url\" content=\"https:\/\/enelion.com\/pl\/regulamin_swiadczenia_uslug\/\" \/>\n<meta property=\"og:site_name\" content=\"Enelion\" \/>\n<meta property=\"article:modified_time\" content=\"2022-09-29T10:58:08+00:00\" \/>\n<meta property=\"og:image\" content=\"https:\/\/enelion.com\/wp-content\/uploads\/2023\/02\/cropped-fav512.png\" \/>\n\t<meta property=\"og:image:width\" content=\"512\" \/>\n\t<meta property=\"og:image:height\" content=\"512\" \/>\n\t<meta property=\"og:image:type\" content=\"image\/png\" \/>\n<meta name=\"twitter:card\" content=\"summary_large_image\" \/>\n<meta name=\"twitter:label1\" content=\"Szacowany czas czytania\" \/>\n\t<meta name=\"twitter:data1\" content=\"4 minuty\" \/>\n<script type=\"application\/ld+json\" class=\"yoast-schema-graph\">{\"@context\":\"https:\\\/\\\/schema.org\",\"@graph\":[{\"@type\":\"WebPage\",\"@id\":\"https:\\\/\\\/enelion.com\\\/pl\\\/regulamin_swiadczenia_uslug\\\/\",\"url\":\"https:\\\/\\\/enelion.com\\\/pl\\\/regulamin_swiadczenia_uslug\\\/\",\"name\":\"Regulamin \u015bwiadczenia us\u0142ug - Enelion\",\"isPartOf\":{\"@id\":\"https:\\\/\\\/enelion.com\\\/pl\\\/#website\"},\"datePublished\":\"2022-09-28T15:13:55+00:00\",\"dateModified\":\"2022-09-29T10:58:08+00:00\",\"breadcrumb\":{\"@id\":\"https:\\\/\\\/enelion.com\\\/pl\\\/regulamin_swiadczenia_uslug\\\/#breadcrumb\"},\"inLanguage\":\"pl-PL\",\"potentialAction\":[{\"@type\":\"ReadAction\",\"target\":[\"https:\\\/\\\/enelion.com\\\/pl\\\/regulamin_swiadczenia_uslug\\\/\"]}]},{\"@type\":\"BreadcrumbList\",\"@id\":\"https:\\\/\\\/enelion.com\\\/pl\\\/regulamin_swiadczenia_uslug\\\/#breadcrumb\",\"itemListElement\":[{\"@type\":\"ListItem\",\"position\":1,\"name\":\"Strona g\u0142\u00f3wna\",\"item\":\"https:\\\/\\\/enelion.com\\\/pl\\\/\"},{\"@type\":\"ListItem\",\"position\":2,\"name\":\"Regulamin \u015bwiadczenia us\u0142ug\"}]},{\"@type\":\"WebSite\",\"@id\":\"https:\\\/\\\/enelion.com\\\/pl\\\/#website\",\"url\":\"https:\\\/\\\/enelion.com\\\/pl\\\/\",\"name\":\"Enelion\",\"description\":\"\",\"potentialAction\":[{\"@type\":\"SearchAction\",\"target\":{\"@type\":\"EntryPoint\",\"urlTemplate\":\"https:\\\/\\\/enelion.com\\\/pl\\\/?s={search_term_string}\"},\"query-input\":{\"@type\":\"PropertyValueSpecification\",\"valueRequired\":true,\"valueName\":\"search_term_string\"}}],\"inLanguage\":\"pl-PL\"}]}<\/script>\n<!-- \/ Yoast SEO plugin. -->","yoast_head_json":{"title":"Regulamin \u015bwiadczenia us\u0142ug - Enelion","robots":{"index":"index","follow":"follow","max-snippet":"max-snippet:-1","max-image-preview":"max-image-preview:large","max-video-preview":"max-video-preview:-1"},"canonical":"https:\/\/enelion.com\/pl\/regulamin_swiadczenia_uslug\/","og_locale":"pl_PL","og_type":"article","og_title":"Regulamin \u015bwiadczenia us\u0142ug - Enelion","og_description":"Za\u0142\u0105cznik nr 2 do Umowy \u2013 Wz\u00f3r regulaminu \u015bwiadczenia us\u0142ugi \u0142adowania samochod\u00f3w elektrycznych\u00a0 &nbsp; REGULAMIN \u015aWIADCZENIA US\u0141UGI \u0141ADOWANIA SAMOCHOD\u00d3W ELEKTRYCZNYCH\u00a0 DEFINICJE Dostawca us\u0142ugi \u2013 Enelion sp. z o.o. Cennik \u2013 wykaz op\u0142at za Us\u0142ug\u0119 \u0141adowania. Cennik jest dost\u0119pny za\u0142\u0105cznik nr 1 do umowy. Karta RFID \u2013 karta autoryzuj\u0105ca dost\u0119p do Stacji \u0141adowania, wydawana przez Administratora. [&hellip;]","og_url":"https:\/\/enelion.com\/pl\/regulamin_swiadczenia_uslug\/","og_site_name":"Enelion","article_modified_time":"2022-09-29T10:58:08+00:00","og_image":[{"width":512,"height":512,"url":"https:\/\/enelion.com\/wp-content\/uploads\/2023\/02\/cropped-fav512.png","type":"image\/png"}],"twitter_card":"summary_large_image","twitter_misc":{"Szacowany czas czytania":"4 minuty"},"schema":{"@context":"https:\/\/schema.org","@graph":[{"@type":"WebPage","@id":"https:\/\/enelion.com\/pl\/regulamin_swiadczenia_uslug\/","url":"https:\/\/enelion.com\/pl\/regulamin_swiadczenia_uslug\/","name":"Regulamin \u015bwiadczenia us\u0142ug - Enelion","isPartOf":{"@id":"https:\/\/enelion.com\/pl\/#website"},"datePublished":"2022-09-28T15:13:55+00:00","dateModified":"2022-09-29T10:58:08+00:00","breadcrumb":{"@id":"https:\/\/enelion.com\/pl\/regulamin_swiadczenia_uslug\/#breadcrumb"},"inLanguage":"pl-PL","potentialAction":[{"@type":"ReadAction","target":["https:\/\/enelion.com\/pl\/regulamin_swiadczenia_uslug\/"]}]},{"@type":"BreadcrumbList","@id":"https:\/\/enelion.com\/pl\/regulamin_swiadczenia_uslug\/#breadcrumb","itemListElement":[{"@type":"ListItem","position":1,"name":"Strona g\u0142\u00f3wna","item":"https:\/\/enelion.com\/pl\/"},{"@type":"ListItem","position":2,"name":"Regulamin \u015bwiadczenia us\u0142ug"}]},{"@type":"WebSite","@id":"https:\/\/enelion.com\/pl\/#website","url":"https:\/\/enelion.com\/pl\/","name":"Enelion","description":"","potentialAction":[{"@type":"SearchAction","target":{"@type":"EntryPoint","urlTemplate":"https:\/\/enelion.com\/pl\/?s={search_term_string}"},"query-input":{"@type":"PropertyValueSpecification","valueRequired":true,"valueName":"search_term_string"}}],"inLanguage":"pl-PL"}]}},"_links":{"self":[{"href":"https:\/\/enelion.com\/pl\/wp-json\/wp\/v2\/pages\/3715","targetHints":{"allow":["GET"]}}],"collection":[{"href":"https:\/\/enelion.com\/pl\/wp-json\/wp\/v2\/pages"}],"about":[{"href":"https:\/\/enelion.com\/pl\/wp-json\/wp\/v2\/types\/page"}],"author":[{"embeddable":true,"href":"https:\/\/enelion.com\/pl\/wp-json\/wp\/v2\/users\/1"}],"replies":[{"embeddable":true,"href":"https:\/\/enelion.com\/pl\/wp-json\/wp\/v2\/comments?post=3715"}],"version-history":[{"count":6,"href":"https:\/\/enelion.com\/pl\/wp-json\/wp\/v2\/pages\/3715\/revisions"}],"predecessor-version":[{"id":3724,"href":"https:\/\/enelion.com\/pl\/wp-json\/wp\/v2\/pages\/3715\/revisions\/3724"}],"wp:attachment":[{"href":"https:\/\/enelion.com\/pl\/wp-json\/wp\/v2\/media?parent=3715"}],"curies":[{"name":"wp","href":"https:\/\/api.w.org\/{rel}","templated":true}]}}