{"id":2110,"date":"2022-07-05T10:27:31","date_gmt":"2022-07-05T08:27:31","guid":{"rendered":"https:\/\/dev.enelion.com\/?page_id=2110"},"modified":"2024-04-09T11:39:42","modified_gmt":"2024-04-09T09:39:42","slug":"polityka-prywatnosci","status":"publish","type":"page","link":"https:\/\/enelion.com\/pl\/polityka-prywatnosci\/","title":{"rendered":"Polityka prywatno\u015bci"},"content":{"rendered":"<p><b>POLITYKA PRYWATNO\u015aCI<\/b><\/p>\n<h3><b>Administrator\u00a0<\/b><\/h3>\n<p><span style=\"font-weight: 400;\">Administratorem Pani\/Pana danych osobowych jest:<\/span><\/p>\n<p><span style=\"font-weight: 400;\">Enelion sp\u00f3\u0142ka z ograniczon\u0105 odpowiedzialno\u015bci\u0105<\/span><span style=\"font-weight: 400;\"><br \/>\n<\/span><span style=\"font-weight: 400;\">ul. Mia\u0142ki Szlak 52<\/span><span style=\"font-weight: 400;\"><br \/>\n<\/span><b>tel. +48\u00a0304\u00a0596\u00a0094, <\/b><a href=\"mailto:hello@enelion.com\"><b>hello@enelion.com<\/b><\/a> <span style=\"font-weight: 400;\">\u00a0<\/span><\/p>\n<h3><b>Cele i podstawy prawne przetwarzania danych osobowych<\/b><\/h3>\n<p><span style=\"font-weight: 400;\">Pani\/Pana dane osobowe s\u0105 przetwarzane\u00a0<\/span><b>w celu<\/b><span style=\"font-weight: 400;\">:<\/span><\/p>\n<ul>\n<li style=\"font-weight: 400;\" aria-level=\"1\"><span style=\"font-weight: 400;\">prowadzenia korespondencji lub nawi\u0105zania kontaktu zwi\u0105zanego z prowadzon\u0105 dzia\u0142alno\u015bci\u0105 gospodarcz\u0105 na podstawie prawnie uzasadnionego interesu Enelion, kt\u00f3rym jest zapewnienie ci\u0105g\u0142o\u015bci komunikacji i umo\u017cliwienie kontaktowania si\u0119 z Enelion w sprawach prowadzonej dzia\u0142alno\u015bci gospodarczej\u00a0(art. 6 ust. 1 lit. f) RODO);<\/span><\/li>\n<li style=\"font-weight: 400;\" aria-level=\"1\"><span style=\"font-weight: 400;\">podj\u0119cia niezb\u0119dnych dzia\u0142a\u0144 na Pa\u0144stwa \u017c\u0105danie przed zawarciem umowy, np. przes\u0142anie oferty wsp\u00f3\u0142pracy (art. 6 ust. 1 lit. b) RODO);<\/span><\/li>\n<li style=\"font-weight: 400;\" aria-level=\"1\"><span style=\"font-weight: 400;\">wysy\u0142ania newslettera na postawie wyra\u017conej przez Pa\u0144stwa zgody na przetwarzanie danych osobowych (art. 6 ust. 1 lit. a) RODO);\u00a0<\/span><\/li>\n<li style=\"font-weight: 400;\" aria-level=\"1\"><span style=\"font-weight: 400;\">wype\u0142niania obowi\u0105zk\u00f3w prawnych ci\u0105\u017c\u0105cych na Enelion w zwi\u0105zku z prowadzeniem dzia\u0142alno\u015bci gospodarczej (art. 6 ust. 1 lit. c RODO), w tym w celu przeciwdzia\u0142ania praniu pieni\u0119dzy i finansowaniu terroryzmu.<\/span><\/li>\n<\/ul>\n<h3><b>Zakres przetwarzanych danych\u00a0<\/b><\/h3>\n<p><span style=\"font-weight: 400;\">Przetwarzane dane osobowe obejmuj\u0105: imi\u0119, nazwisko, firm\u0119 (dotyczy tylko przedsi\u0119biorc\u00f3w), adres e-mail, numer telefonu, adres korespondencyjny.\u00a0\u00a0<\/span><\/p>\n<h3><b>Dobrowolno\u015b\u0107 podania danych osobowych<\/b><\/h3>\n<p><span style=\"font-weight: 400;\">Podanie przez Pani\u0105\/Pana danych osobowych\u00a0<\/span><b>jest dobrowolne i nie jest wymogiem umownym ani ustawowym<\/b><span style=\"font-weight: 400;\">. Jednocze\u015bnie podanie przez Pani\u0105\/Pana danych osobowych jest\u00a0<\/span><b>warunkiem\u00a0<\/b><span style=\"font-weight: 400;\">prowadzenia z Pani\u0105\/Panem korespondencji, podj\u0119cia dzia\u0142a\u0144 przez zawarciem umowy lub wysy\u0142ania newslettera.\u00a0<\/span><\/p>\n<h3><b>COFNI\u0118CIE ZGODY NA PRZETWARZANIE DANYCH OSOBOWYCH<\/b><\/h3>\n<p><span style=\"font-weight: 400;\">Ma Pani\/Pan prawo cofn\u0105\u0107 udzielon\u0105 zgod\u0119 na przetwarzanie swoich danych osobowych dla cel\u00f3w wysy\u0142ania newslettera w dowolnym momencie poprzez anulowanie subskrypcji na stronie [<\/span><i><span style=\"font-weight: 400;\">link<\/span><\/i><span style=\"font-weight: 400;\">].<\/span><\/p>\n<p><span style=\"font-weight: 400;\">Cofni\u0119cie zgody na przetwarzanie danych osobowych nie ma wp\u0142ywu na zgodno\u015b\u0107 z prawem przetwarzania dokonanego przez nas na podstawie Pani\/Pana zgody przed jej cofni\u0119ciem.<\/span><\/p>\n<h3><b>Odbiorcy danych osobowych<\/b><\/h3>\n<p><span style=\"font-weight: 400;\">Odbiorcami Pani\/Pana danych osobowych mog\u0105 by\u0107 osoby \u015bwiadcz\u0105ce us\u0142ugi hostingu danych lub inne us\u0142ugi IT.<\/span><\/p>\n<h3><b>okres przechowywania danych osobowych\u00a0<\/b><\/h3>\n<p><span style=\"font-weight: 400;\">Pani\/Pana dane osobowe b\u0119d\u0105 przechowywane przez okres wynikaj\u0105cy z obowi\u0105zuj\u0105cych przepis\u00f3w prawa oraz przez okres, w kt\u00f3rym mog\u0105 by\u0107 dochodzone ewentualne roszczenia przeciwko Enelion, a w przypadku newslettera \u2013 do czasu cofni\u0119cia zgody na przetwarzanie danych osobowych.\u00a0<\/span><\/p>\n<h3><b>Profilowanie i przekazywanie danych osobowych poza EOG<\/b><\/h3>\n<p><span style=\"font-weight: 400;\">Pani\/Pana dane osobowe\u00a0<\/span><b>nie b\u0119d\u0105\u00a0<\/b><span style=\"font-weight: 400;\">wykorzystane do profilowania lub do zautomatyzowanego podejmowania wobec Pani\/Pana jakichkolwiek decyzji. Nie przekazujemy r\u00f3wnie\u017c danych osobowych do\u00a0kraj\u00f3w <\/span><b>poza<\/b><span style=\"font-weight: 400;\"> Europejskim Obszarem Gospodarczym.<\/span><\/p>\n<h3><b>Prawa osoby, kt\u00f3rej dane dotycz\u0105<\/b><\/h3>\n<p><span style=\"font-weight: 400;\">Na podstawie RODO ma Pani\/Pan\u00a0<\/span><b>prawo\u00a0<\/b><span style=\"font-weight: 400;\">do:\u00a0<\/span><\/p>\n<ul>\n<li style=\"font-weight: 400;\" aria-level=\"1\"><span style=\"font-weight: 400;\">\u017c\u0105dania\u00a0<\/span><b>dost\u0119pu\u00a0<\/b><span style=\"font-weight: 400;\">do swoich danych osobowych oraz otrzymania kopii przetwarzanych danych osobowych (art. 15 RODO);<\/span><\/li>\n<li style=\"font-weight: 400;\" aria-level=\"1\"><span style=\"font-weight: 400;\">\u017c\u0105dania\u00a0<\/span><b>sprostowania<\/b><span style=\"font-weight: 400;\">\u00a0swoich danych osobowych (art.16 RODO);<\/span><\/li>\n<li style=\"font-weight: 400;\" aria-level=\"1\"><span style=\"font-weight: 400;\">\u017c\u0105dania\u00a0<\/span><b>usuni\u0119cia<\/b><span style=\"font-weight: 400;\">\u00a0swoich danych osobowych, tzw. \u201eprawo do bycia zapomnianym\u201d (art. 17 RODO);<\/span><\/li>\n<li style=\"font-weight: 400;\" aria-level=\"1\"><span style=\"font-weight: 400;\">\u017c\u0105dania\u00a0<\/span><b>ograniczenia przetwarzania<\/b><span style=\"font-weight: 400;\">\u00a0danych osobowych (art. 18 RODO);<\/span><\/li>\n<li style=\"font-weight: 400;\" aria-level=\"1\"><span style=\"font-weight: 400;\">wniesienia\u00a0<\/span><b>sprzeciwu\u00a0<\/b><span style=\"font-weight: 400;\">wobec przetwarzania danych osobowych (art. 21 RODO);<\/span><\/li>\n<li style=\"font-weight: 400;\" aria-level=\"1\"><span style=\"font-weight: 400;\">\u017c\u0105dania\u00a0<\/span><b>przenoszenia<\/b><span style=\"font-weight: 400;\">\u00a0danych osobowych (art. 20 RODO).<\/span><\/li>\n<\/ul>\n<p><span style=\"font-weight: 400;\">Je\u017celi s\u0105dzi Pani\/Pan, \u017ce przetwarzanie Pani\/Pana danych osobowych\u00a0<\/span><b>narusza RODO\u00a0<\/b><span style=\"font-weight: 400;\">ma Pani\/Pan prawo z\u0142o\u017cenia<\/span><b>\u00a0skargi do organu nadzorczego<\/b><span style=\"font-weight: 400;\">, w szczeg\u00f3lno\u015bci w pa\u0144stwie cz\u0142onkowskim swojego zwyk\u0142ego pobytu, swojego miejsca pracy lub miejsca pope\u0142nienia domniemanego naruszenia. W Polsce organem nadzorczym w rozumieniu RODO jest\u00a0<\/span><b>Prezes Urz\u0119du Ochrony Danych Osobowych.<\/b><span style=\"font-weight: 400;\">\u00a0Wi\u0119cej informacji mo\u017cna znale\u017a\u0107 na stronie internetowej:\u00a0<\/span><a href=\"https:\/\/uodo.gov.pl\/pl\/134\/233\"><b>https:\/\/uodo.gov.pl\/pl\/134\/233<\/b><\/a><\/p>\n<p>&nbsp;<\/p>\n","protected":false},"excerpt":{"rendered":"<p>POLITYKA PRYWATNO\u015aCI Administrator\u00a0 Administratorem Pani\/Pana danych osobowych jest: Enelion sp\u00f3\u0142ka z ograniczon\u0105 odpowiedzialno\u015bci\u0105 ul. Mia\u0142ki Szlak 52 tel. +48\u00a0304\u00a0596\u00a0094, hello@enelion.com \u00a0 Cele i podstawy prawne przetwarzania danych osobowych Pani\/Pana dane osobowe s\u0105 przetwarzane\u00a0w celu: prowadzenia korespondencji lub nawi\u0105zania kontaktu zwi\u0105zanego z prowadzon\u0105 dzia\u0142alno\u015bci\u0105 gospodarcz\u0105 na podstawie prawnie uzasadnionego interesu Enelion, kt\u00f3rym jest zapewnienie ci\u0105g\u0142o\u015bci komunikacji [&hellip;]<\/p>\n","protected":false},"author":1,"featured_media":0,"parent":0,"menu_order":0,"comment_status":"closed","ping_status":"closed","template":"template-empty.php","meta":{"_acf_changed":false,"footnotes":""},"class_list":["post-2110","page","type-page","status-publish","hentry"],"acf":[],"yoast_head":"<!-- This site is optimized with the Yoast SEO plugin v27.3 - https:\/\/yoast.com\/product\/yoast-seo-wordpress\/ -->\n<title>Polityka prywatno\u015bci - Enelion<\/title>\n<meta name=\"robots\" content=\"index, follow, max-snippet:-1, max-image-preview:large, max-video-preview:-1\" \/>\n<link rel=\"canonical\" href=\"https:\/\/enelion.com\/pl\/polityka-prywatnosci\/\" \/>\n<meta property=\"og:locale\" content=\"pl_PL\" \/>\n<meta property=\"og:type\" content=\"article\" \/>\n<meta property=\"og:title\" content=\"Polityka prywatno\u015bci - Enelion\" \/>\n<meta property=\"og:description\" content=\"POLITYKA PRYWATNO\u015aCI Administrator\u00a0 Administratorem Pani\/Pana danych osobowych jest: Enelion sp\u00f3\u0142ka z ograniczon\u0105 odpowiedzialno\u015bci\u0105 ul. Mia\u0142ki Szlak 52 tel. +48\u00a0304\u00a0596\u00a0094, hello@enelion.com \u00a0 Cele i podstawy prawne przetwarzania danych osobowych Pani\/Pana dane osobowe s\u0105 przetwarzane\u00a0w celu: prowadzenia korespondencji lub nawi\u0105zania kontaktu zwi\u0105zanego z prowadzon\u0105 dzia\u0142alno\u015bci\u0105 gospodarcz\u0105 na podstawie prawnie uzasadnionego interesu Enelion, kt\u00f3rym jest zapewnienie ci\u0105g\u0142o\u015bci komunikacji [&hellip;]\" \/>\n<meta property=\"og:url\" content=\"https:\/\/enelion.com\/pl\/polityka-prywatnosci\/\" \/>\n<meta property=\"og:site_name\" content=\"Enelion\" \/>\n<meta property=\"article:modified_time\" content=\"2024-04-09T09:39:42+00:00\" \/>\n<meta property=\"og:image\" content=\"https:\/\/enelion.com\/wp-content\/uploads\/2023\/02\/cropped-fav512.png\" \/>\n\t<meta property=\"og:image:width\" content=\"512\" \/>\n\t<meta property=\"og:image:height\" content=\"512\" \/>\n\t<meta property=\"og:image:type\" content=\"image\/png\" \/>\n<meta name=\"twitter:card\" content=\"summary_large_image\" \/>\n<meta name=\"twitter:label1\" content=\"Szacowany czas czytania\" \/>\n\t<meta name=\"twitter:data1\" content=\"3 minuty\" \/>\n<script type=\"application\/ld+json\" class=\"yoast-schema-graph\">{\"@context\":\"https:\\\/\\\/schema.org\",\"@graph\":[{\"@type\":\"WebPage\",\"@id\":\"https:\\\/\\\/enelion.com\\\/pl\\\/polityka-prywatnosci\\\/\",\"url\":\"https:\\\/\\\/enelion.com\\\/pl\\\/polityka-prywatnosci\\\/\",\"name\":\"Polityka prywatno\u015bci - Enelion\",\"isPartOf\":{\"@id\":\"https:\\\/\\\/enelion.com\\\/pl\\\/#website\"},\"datePublished\":\"2022-07-05T08:27:31+00:00\",\"dateModified\":\"2024-04-09T09:39:42+00:00\",\"breadcrumb\":{\"@id\":\"https:\\\/\\\/enelion.com\\\/pl\\\/polityka-prywatnosci\\\/#breadcrumb\"},\"inLanguage\":\"pl-PL\",\"potentialAction\":[{\"@type\":\"ReadAction\",\"target\":[\"https:\\\/\\\/enelion.com\\\/pl\\\/polityka-prywatnosci\\\/\"]}]},{\"@type\":\"BreadcrumbList\",\"@id\":\"https:\\\/\\\/enelion.com\\\/pl\\\/polityka-prywatnosci\\\/#breadcrumb\",\"itemListElement\":[{\"@type\":\"ListItem\",\"position\":1,\"name\":\"Strona g\u0142\u00f3wna\",\"item\":\"https:\\\/\\\/enelion.com\\\/pl\\\/\"},{\"@type\":\"ListItem\",\"position\":2,\"name\":\"Polityka prywatno\u015bci\"}]},{\"@type\":\"WebSite\",\"@id\":\"https:\\\/\\\/enelion.com\\\/pl\\\/#website\",\"url\":\"https:\\\/\\\/enelion.com\\\/pl\\\/\",\"name\":\"Enelion\",\"description\":\"\",\"potentialAction\":[{\"@type\":\"SearchAction\",\"target\":{\"@type\":\"EntryPoint\",\"urlTemplate\":\"https:\\\/\\\/enelion.com\\\/pl\\\/?s={search_term_string}\"},\"query-input\":{\"@type\":\"PropertyValueSpecification\",\"valueRequired\":true,\"valueName\":\"search_term_string\"}}],\"inLanguage\":\"pl-PL\"}]}<\/script>\n<!-- \/ Yoast SEO plugin. -->","yoast_head_json":{"title":"Polityka prywatno\u015bci - Enelion","robots":{"index":"index","follow":"follow","max-snippet":"max-snippet:-1","max-image-preview":"max-image-preview:large","max-video-preview":"max-video-preview:-1"},"canonical":"https:\/\/enelion.com\/pl\/polityka-prywatnosci\/","og_locale":"pl_PL","og_type":"article","og_title":"Polityka prywatno\u015bci - Enelion","og_description":"POLITYKA PRYWATNO\u015aCI Administrator\u00a0 Administratorem Pani\/Pana danych osobowych jest: Enelion sp\u00f3\u0142ka z ograniczon\u0105 odpowiedzialno\u015bci\u0105 ul. Mia\u0142ki Szlak 52 tel. +48\u00a0304\u00a0596\u00a0094, hello@enelion.com \u00a0 Cele i podstawy prawne przetwarzania danych osobowych Pani\/Pana dane osobowe s\u0105 przetwarzane\u00a0w celu: prowadzenia korespondencji lub nawi\u0105zania kontaktu zwi\u0105zanego z prowadzon\u0105 dzia\u0142alno\u015bci\u0105 gospodarcz\u0105 na podstawie prawnie uzasadnionego interesu Enelion, kt\u00f3rym jest zapewnienie ci\u0105g\u0142o\u015bci komunikacji [&hellip;]","og_url":"https:\/\/enelion.com\/pl\/polityka-prywatnosci\/","og_site_name":"Enelion","article_modified_time":"2024-04-09T09:39:42+00:00","og_image":[{"width":512,"height":512,"url":"https:\/\/enelion.com\/wp-content\/uploads\/2023\/02\/cropped-fav512.png","type":"image\/png"}],"twitter_card":"summary_large_image","twitter_misc":{"Szacowany czas czytania":"3 minuty"},"schema":{"@context":"https:\/\/schema.org","@graph":[{"@type":"WebPage","@id":"https:\/\/enelion.com\/pl\/polityka-prywatnosci\/","url":"https:\/\/enelion.com\/pl\/polityka-prywatnosci\/","name":"Polityka prywatno\u015bci - Enelion","isPartOf":{"@id":"https:\/\/enelion.com\/pl\/#website"},"datePublished":"2022-07-05T08:27:31+00:00","dateModified":"2024-04-09T09:39:42+00:00","breadcrumb":{"@id":"https:\/\/enelion.com\/pl\/polityka-prywatnosci\/#breadcrumb"},"inLanguage":"pl-PL","potentialAction":[{"@type":"ReadAction","target":["https:\/\/enelion.com\/pl\/polityka-prywatnosci\/"]}]},{"@type":"BreadcrumbList","@id":"https:\/\/enelion.com\/pl\/polityka-prywatnosci\/#breadcrumb","itemListElement":[{"@type":"ListItem","position":1,"name":"Strona g\u0142\u00f3wna","item":"https:\/\/enelion.com\/pl\/"},{"@type":"ListItem","position":2,"name":"Polityka prywatno\u015bci"}]},{"@type":"WebSite","@id":"https:\/\/enelion.com\/pl\/#website","url":"https:\/\/enelion.com\/pl\/","name":"Enelion","description":"","potentialAction":[{"@type":"SearchAction","target":{"@type":"EntryPoint","urlTemplate":"https:\/\/enelion.com\/pl\/?s={search_term_string}"},"query-input":{"@type":"PropertyValueSpecification","valueRequired":true,"valueName":"search_term_string"}}],"inLanguage":"pl-PL"}]}},"_links":{"self":[{"href":"https:\/\/enelion.com\/pl\/wp-json\/wp\/v2\/pages\/2110","targetHints":{"allow":["GET"]}}],"collection":[{"href":"https:\/\/enelion.com\/pl\/wp-json\/wp\/v2\/pages"}],"about":[{"href":"https:\/\/enelion.com\/pl\/wp-json\/wp\/v2\/types\/page"}],"author":[{"embeddable":true,"href":"https:\/\/enelion.com\/pl\/wp-json\/wp\/v2\/users\/1"}],"replies":[{"embeddable":true,"href":"https:\/\/enelion.com\/pl\/wp-json\/wp\/v2\/comments?post=2110"}],"version-history":[{"count":5,"href":"https:\/\/enelion.com\/pl\/wp-json\/wp\/v2\/pages\/2110\/revisions"}],"predecessor-version":[{"id":10230,"href":"https:\/\/enelion.com\/pl\/wp-json\/wp\/v2\/pages\/2110\/revisions\/10230"}],"wp:attachment":[{"href":"https:\/\/enelion.com\/pl\/wp-json\/wp\/v2\/media?parent=2110"}],"curies":[{"name":"wp","href":"https:\/\/api.w.org\/{rel}","templated":true}]}}