{"id":2085,"date":"2022-07-04T14:15:36","date_gmt":"2022-07-04T12:15:36","guid":{"rendered":"https:\/\/dev.enelion.com\/?page_id=2085"},"modified":"2022-07-04T14:38:15","modified_gmt":"2022-07-04T12:38:15","slug":"fundusze-unijne","status":"publish","type":"page","link":"https:\/\/enelion.com\/pl\/fundusze-unijne\/","title":{"rendered":"Fundusze Unijne"},"content":{"rendered":"<div class=\"fusion-layout-column fusion_builder_column fusion_builder_column_1_1 fusion-builder-column-1 fusion-one-full fusion-column-first fusion-column-last 1_1\">\n<p>Inteligentny Rozw\u00f3j, poddzia\u0142anie 3.3.3 Wsparcie M\u015aP w promocji marek produktowych \u2013 Go to Brand POIR.03.03.03-22-0093\/19<\/p>\n<div class=\"fusion-column-wrapper\" data-bg-url=\"\">\n<div class=\"fusion-text\">\n<h4 class=\"fusion-responsive-typography-calculated\" data-fontsize=\"20\" data-lineheight=\"22px\"><b>Promocja marki produktowej Enelion Sp. z o.o. na rynkach zagranicznych<br \/>\nw celu zwi\u0119kszenia rozpoznawalno\u015bci sp\u00f3\u0142ki.<\/b><\/h4>\n<p>Celem projektu jest wzrost konkurencyjno\u015bci przedsi\u0119biorstwa Enelion Sp z o.o. na rynku mi\u0119dzynarodowym poprzez kompleksowe promowanie produkt\u00f3w: Wallbox, Vertica, Stilo b\u0119d\u0105cych w\u0142asno\u015bci\u0105 sp\u00f3\u0142ki Enelion. S\u0105 to wysokiej jako\u015bci \u0142adowarki do samochod\u00f3w elektrycznych, zarz\u0105dzanych zdalnie za pomoc\u0105 dedykowanego oprogramowania. Cel zostanie osi\u0105gni\u0119ty w ci\u0105gu 13 miesi\u0119cy trwania projektu dzi\u0119ki:<\/p>\n<ul>\n<li>zorganizowaniu stoisk na 2 targach bran\u017cowych;<\/li>\n<li>zorganizowaniu 2 wyjazdowych misji gospodarczych;<\/li>\n<li>przeprowadzeniu dzia\u0142a\u0144 promocyjnych.<\/li>\n<\/ul>\n<p>W rezultacie, wdro\u017cenie dzia\u0142a\u0144 promocyjnych przewidzianych w BPP umo\u017cliwi umocnienie rozpoznawalno\u015bci marek produktowych firmy Enelion, kt\u00f3re maj\u0105 szans\u0119 sta\u0107 si\u0119 mark\u0105 rozpoznawaln\u0105 na rynkach zagranicznych, co w konsekwencji doprowadzi do wzrostu mi\u0119dzynarodowej pozycji konkurencyjnej Sp\u00f3\u0142ki, co z kolei prze\u0142o\u017cy si\u0119 na wzrost liczby potencjalnych kontrahent\u00f3w Wnioskodawcy oraz wzrost przychod\u00f3w z eksportu.<\/p>\n<p>Ca\u0142kowity koszt realizacji projektu:\u00a0<strong>173 900,00 PLN<\/strong><br \/>\nDofinansowanie:\u00a0<strong>147 815,00 PLN<\/strong><\/p>\n<\/div>\n<div class=\"imageframe-align-center\"><\/div>\n<p><\/p>\n<div class=\"fusion-clearfix\"><img loading=\"lazy\" decoding=\"async\" class=\"alignnone wp-image-2087 size-full\" src=\"https:\/\/enelion.com\/wp-content\/uploads\/2022\/07\/FE_POIR_poziom_pl-1_rgb-scaled-1.jpg\" alt=\"\" width=\"2560\" height=\"352\" srcset=\"https:\/\/enelion.com\/wp-content\/uploads\/2022\/07\/FE_POIR_poziom_pl-1_rgb-scaled-1.jpg 2560w, https:\/\/enelion.com\/wp-content\/uploads\/2022\/07\/FE_POIR_poziom_pl-1_rgb-scaled-1-300x41.jpg 300w, https:\/\/enelion.com\/wp-content\/uploads\/2022\/07\/FE_POIR_poziom_pl-1_rgb-scaled-1-1024x141.jpg 1024w, https:\/\/enelion.com\/wp-content\/uploads\/2022\/07\/FE_POIR_poziom_pl-1_rgb-scaled-1-768x106.jpg 768w, https:\/\/enelion.com\/wp-content\/uploads\/2022\/07\/FE_POIR_poziom_pl-1_rgb-scaled-1-1536x211.jpg 1536w, https:\/\/enelion.com\/wp-content\/uploads\/2022\/07\/FE_POIR_poziom_pl-1_rgb-scaled-1-2048x282.jpg 2048w\" sizes=\"auto, (max-width: 2560px) 100vw, 2560px\" \/><\/div>\n<div><\/div>\n<\/div>\n<\/div>\n<div class=\"fusion-layout-column fusion_builder_column fusion_builder_column_1_1 fusion-builder-column-2 fusion-one-full fusion-column-first fusion-column-last 1_1\">\n<div class=\"fusion-column-wrapper\" data-bg-url=\"\">\n<div class=\"fusion-sep-clear\"><img loading=\"lazy\" decoding=\"async\" class=\"alignnone wp-image-2093 size-full\" src=\"https:\/\/enelion.com\/wp-content\/uploads\/2022\/07\/image006.png\" alt=\"\" width=\"874\" height=\"78\" srcset=\"https:\/\/enelion.com\/wp-content\/uploads\/2022\/07\/image006.png 874w, https:\/\/enelion.com\/wp-content\/uploads\/2022\/07\/image006-300x27.png 300w, https:\/\/enelion.com\/wp-content\/uploads\/2022\/07\/image006-768x69.png 768w\" sizes=\"auto, (max-width: 874px) 100vw, 874px\" \/><\/div>\n<\/div>\n<\/div>\n<div class=\"imageframe-align-center\"><\/div>\n<div><\/div>\n<div><\/div>\n<div><\/div>\n<div><\/div>\n<div class=\"fusion-layout-column fusion_builder_column fusion_builder_column_1_1 fusion-builder-column-2 fusion-one-full fusion-column-first fusion-column-last 1_1\">\n<div class=\"fusion-column-wrapper\" data-bg-url=\"\">\n<div class=\"fusion-text\">\n<p>W ramach \u201ePilot Maker Electro Scale Up\u201d Firma realizuje projekt wsp\u00f3\u0142finansowany ze \u015brodk\u00f3w Unii Europejskiej w ramach Programu Operacyjnego Inteligentny Rozw\u00f3j 2014-2020, Osi priorytetowej II:<\/p>\n<h4 class=\"fusion-responsive-typography-calculated\" data-fontsize=\"20\" data-lineheight=\"22px\"><b>Wsparcie otoczenia i potencja\u0142u przedsi\u0119biorstw do prowadzenia dzia\u0142alno\u015bci B+R+I<\/b><\/h4>\n<p>Dzia\u0142ania 2.4 Wsp\u00f3\u0142praca w ramach krajowego systemu innowacji, Poddzia\u0142ania 2.4.1 Centrum analiz i pilota\u017cy nowych instrument\u00f3w inno_LAB Pilota\u017c \u201eElectro ScaleUp\u201d.<\/p>\n<\/div>\n<div class=\"imageframe-align-center\"><img loading=\"lazy\" decoding=\"async\" class=\"alignleft wp-image-2087 size-full\" src=\"https:\/\/enelion.com\/wp-content\/uploads\/2022\/07\/FE_POIR_poziom_pl-1_rgb-scaled-1.jpg\" alt=\"\" width=\"2560\" height=\"352\" srcset=\"https:\/\/enelion.com\/wp-content\/uploads\/2022\/07\/FE_POIR_poziom_pl-1_rgb-scaled-1.jpg 2560w, https:\/\/enelion.com\/wp-content\/uploads\/2022\/07\/FE_POIR_poziom_pl-1_rgb-scaled-1-300x41.jpg 300w, https:\/\/enelion.com\/wp-content\/uploads\/2022\/07\/FE_POIR_poziom_pl-1_rgb-scaled-1-1024x141.jpg 1024w, https:\/\/enelion.com\/wp-content\/uploads\/2022\/07\/FE_POIR_poziom_pl-1_rgb-scaled-1-768x106.jpg 768w, https:\/\/enelion.com\/wp-content\/uploads\/2022\/07\/FE_POIR_poziom_pl-1_rgb-scaled-1-1536x211.jpg 1536w, https:\/\/enelion.com\/wp-content\/uploads\/2022\/07\/FE_POIR_poziom_pl-1_rgb-scaled-1-2048x282.jpg 2048w\" sizes=\"auto, (max-width: 2560px) 100vw, 2560px\" \/><\/div>\n<div class=\"fusion-clearfix\"><\/div>\n<\/div>\n<\/div>\n<div class=\"fusion-layout-column fusion_builder_column fusion_builder_column_1_1 fusion-builder-column-3 fusion-one-full fusion-column-first fusion-column-last 1_1\">\n<div class=\"fusion-column-wrapper\" data-bg-url=\"\">\n<div class=\"fusion-sep-clear\"><\/div>\n<div class=\"fusion-separator fusion-full-width-sep sep-shadow\"><\/div>\n<div class=\"fusion-text\">\n<p>Program Operacyjny Inteligentny Rozw\u00f3j 2014-2020, Wsparcie prowadzenia prac B+R przez przedsi\u0119biorstwa \u2013 POIR.01.01.01-00-0777\/17<\/p>\n<h4 class=\"fusion-responsive-typography-calculated\" data-fontsize=\"20\" data-lineheight=\"22px\"><b>Opracowanie inteligentnych sieciowych terminali \u0142aduj\u0105cych AC i DC zdolnych do komunikacji cyfrowej z pojazdami elektrycznymi wraz z ekosystemem kontroli roz\u0142o\u017cenia obci\u0105\u017cenia sieci energetycznej oraz adaptacyjnego, dynamicznego harmonogramowania i taryfowania w celu wielokryterialnej optymalizacji operacji sieci \u0142adowarek<\/b><\/h4>\n<div>Celem niniejszego projektu jest opracowanie inteligentnych sieciowych terminali \u0142aduj\u0105cych AC i DC zdolnych do komunikacji cyfrowej zgodnej z protoko\u0142em ISO\/IEC 15118 z pojazdami elektrycznymi BEV (battery electric vehicle) oraz PHEV (plug-in hybrid electric vehicle).<\/div>\n<div>\n<p>W projekcie zostanie opracowane rozwi\u0105zanie \u2013 inteligentne sieciowe terminale \u0142aduj\u0105ce AC i DC zdolne do komunikacji cyfrowej z pojazdami elektrycznymi wraz z ekosystemem kontroli roz\u0142o\u017cenia obci\u0105\u017cenia sieci energetycznej oraz adaptacyjnego, dynamicznego harmonogramowania i taryfowania w celu wielokryterialnej optymalizacji operacji sieci \u0142adowarek.<\/p>\n<\/div>\n<p>Ca\u0142kowity koszt realizacji projektu:\u00a0<strong>6 928 679,61 PLN<\/strong><br \/>\nDofinansowanie:\u00a0<strong>5 249 923,12 PLN<\/strong><\/p>\n<\/div>\n<div class=\"imageframe-align-center\"><span class=\"fusion-imageframe imageframe-none imageframe-4 hover-type-none\"><img loading=\"lazy\" decoding=\"async\" class=\"img-responsive wp-image-2853\" title=\"FE_POIR_poziom_pl\" src=\"https:\/\/enelion.com\/wp-content\/uploads\/FE_POIR_poziom_pl-1_rgb-scaled.jpg\" sizes=\"auto, (max-width: 800px) 100vw, 1200px\" srcset=\"https:\/\/enelion.com\/wp-content\/uploads\/FE_POIR_poziom_pl-1_rgb-200x28.jpg 200w, https:\/\/enelion.com\/wp-content\/uploads\/FE_POIR_poziom_pl-1_rgb-400x55.jpg 400w, https:\/\/enelion.com\/wp-content\/uploads\/FE_POIR_poziom_pl-1_rgb-600x83.jpg 600w, https:\/\/enelion.com\/wp-content\/uploads\/FE_POIR_poziom_pl-1_rgb-800x110.jpg 800w, https:\/\/enelion.com\/wp-content\/uploads\/FE_POIR_poziom_pl-1_rgb-1200x165.jpg 1200w, https:\/\/enelion.com\/wp-content\/uploads\/FE_POIR_poziom_pl-1_rgb-scaled.jpg 2560w\" alt=\"\" width=\"2560\" height=\"352\" \/><\/span><\/div>\n<div class=\"fusion-clearfix\"><\/div>\n<\/div>\n<\/div>\n<div class=\"fusion-layout-column fusion_builder_column fusion_builder_column_1_1 fusion-builder-column-4 fusion-one-full fusion-column-first fusion-column-last 1_1\">\n<div class=\"fusion-column-wrapper\" data-bg-url=\"\">\n<div class=\"fusion-sep-clear\"><\/div>\n<div class=\"fusion-separator fusion-full-width-sep sep-shadow\"><\/div>\n<div class=\"fusion-text\">\n<p>Program Operacyjny Inteligentny Rozw\u00f3j, Wsparcie otoczenia i potencja\u0142u przedsi\u0119biorstw do prowadzenia dzia\u0142alno\u015bci B+R+I \u2013 POIR.02.03.05-IP.03-00-001\/18<\/p>\n<h4 class=\"fusion-responsive-typography-calculated\" data-fontsize=\"20\" data-lineheight=\"22px\"><b>Opracowanie \u0142adowarki do samochod\u00f3w elektrycznych z obudow\u0105 w nowej, ergonomicznej formie, przyjaznej szerokiemu gronu odbiorc\u00f3w<\/b><\/h4>\n<div>Celem projektu jest przeprowadzenie profesjonalnego procesu projektowego w wyniku, kt\u00f3rego powstanie nowy projekt wzorniczy dla nowego produktu Wnioskodawcy \u2013 urz\u0105dzenia do \u0142adowania samochod\u00f3w elektrycznych pr\u0105dem przemiennym o mocy maksymalnej 22kW z obudow\u0105 w nowej, ergonomicznej formie, przyjaznej szerokiemu gronu odbiorc\u00f3w.<\/div>\n<div><\/div>\n<p>Ca\u0142kowity koszt realizacji projektu:\u00a0<strong>1 127 000,00 PLN<\/strong><br \/>\nDofinansowanie:\u00a0<strong>731 000,00 PLN<\/strong><\/p>\n<\/div>\n<div class=\"imageframe-align-center\"><img loading=\"lazy\" decoding=\"async\" class=\"alignnone wp-image-2090 size-full\" src=\"https:\/\/enelion.com\/wp-content\/uploads\/2022\/07\/20_lat_POIR_GIF_kolor-scaled-1.gif\" alt=\"\" width=\"2560\" height=\"278\" \/><\/div>\n<\/div>\n<\/div>\n","protected":false},"excerpt":{"rendered":"<p>Inteligentny Rozw\u00f3j, poddzia\u0142anie 3.3.3 Wsparcie M\u015aP w promocji marek produktowych \u2013 Go to Brand POIR.03.03.03-22-0093\/19 Promocja marki produktowej Enelion Sp. z o.o. na rynkach zagranicznych w celu zwi\u0119kszenia rozpoznawalno\u015bci sp\u00f3\u0142ki. Celem projektu jest wzrost konkurencyjno\u015bci przedsi\u0119biorstwa Enelion Sp z o.o. na rynku mi\u0119dzynarodowym poprzez kompleksowe promowanie produkt\u00f3w: Wallbox, Vertica, Stilo b\u0119d\u0105cych w\u0142asno\u015bci\u0105 sp\u00f3\u0142ki Enelion. S\u0105 [&hellip;]<\/p>\n","protected":false},"author":1,"featured_media":0,"parent":0,"menu_order":0,"comment_status":"closed","ping_status":"closed","template":"template-empty.php","meta":{"_acf_changed":false,"footnotes":""},"class_list":["post-2085","page","type-page","status-publish","hentry"],"acf":[],"yoast_head":"<!-- This site is optimized with the Yoast SEO plugin v27.3 - https:\/\/yoast.com\/product\/yoast-seo-wordpress\/ -->\n<title>Fundusze Unijne - Enelion<\/title>\n<meta name=\"robots\" content=\"index, follow, max-snippet:-1, max-image-preview:large, max-video-preview:-1\" \/>\n<link rel=\"canonical\" href=\"https:\/\/enelion.com\/pl\/fundusze-unijne\/\" \/>\n<meta property=\"og:locale\" content=\"pl_PL\" \/>\n<meta property=\"og:type\" content=\"article\" \/>\n<meta property=\"og:title\" content=\"Fundusze Unijne - Enelion\" \/>\n<meta property=\"og:description\" content=\"Inteligentny Rozw\u00f3j, poddzia\u0142anie 3.3.3 Wsparcie M\u015aP w promocji marek produktowych \u2013 Go to Brand POIR.03.03.03-22-0093\/19 Promocja marki produktowej Enelion Sp. z o.o. na rynkach zagranicznych w celu zwi\u0119kszenia rozpoznawalno\u015bci sp\u00f3\u0142ki. Celem projektu jest wzrost konkurencyjno\u015bci przedsi\u0119biorstwa Enelion Sp z o.o. na rynku mi\u0119dzynarodowym poprzez kompleksowe promowanie produkt\u00f3w: Wallbox, Vertica, Stilo b\u0119d\u0105cych w\u0142asno\u015bci\u0105 sp\u00f3\u0142ki Enelion. S\u0105 [&hellip;]\" \/>\n<meta property=\"og:url\" content=\"https:\/\/enelion.com\/pl\/fundusze-unijne\/\" \/>\n<meta property=\"og:site_name\" content=\"Enelion\" \/>\n<meta property=\"article:modified_time\" content=\"2022-07-04T12:38:15+00:00\" \/>\n<meta property=\"og:image\" content=\"https:\/\/enelion.com\/wp-content\/uploads\/2022\/07\/FE_POIR_poziom_pl-1_rgb-scaled-1.jpg\" \/>\n<meta name=\"twitter:card\" content=\"summary_large_image\" \/>\n<meta name=\"twitter:label1\" content=\"Szacowany czas czytania\" \/>\n\t<meta name=\"twitter:data1\" content=\"4 minuty\" \/>\n<script type=\"application\/ld+json\" class=\"yoast-schema-graph\">{\"@context\":\"https:\\\/\\\/schema.org\",\"@graph\":[{\"@type\":\"WebPage\",\"@id\":\"https:\\\/\\\/enelion.com\\\/pl\\\/fundusze-unijne\\\/\",\"url\":\"https:\\\/\\\/enelion.com\\\/pl\\\/fundusze-unijne\\\/\",\"name\":\"Fundusze Unijne - Enelion\",\"isPartOf\":{\"@id\":\"https:\\\/\\\/enelion.com\\\/pl\\\/#website\"},\"primaryImageOfPage\":{\"@id\":\"https:\\\/\\\/enelion.com\\\/pl\\\/fundusze-unijne\\\/#primaryimage\"},\"image\":{\"@id\":\"https:\\\/\\\/enelion.com\\\/pl\\\/fundusze-unijne\\\/#primaryimage\"},\"thumbnailUrl\":\"https:\\\/\\\/enelion.com\\\/wp-content\\\/uploads\\\/2022\\\/07\\\/FE_POIR_poziom_pl-1_rgb-scaled-1.jpg\",\"datePublished\":\"2022-07-04T12:15:36+00:00\",\"dateModified\":\"2022-07-04T12:38:15+00:00\",\"breadcrumb\":{\"@id\":\"https:\\\/\\\/enelion.com\\\/pl\\\/fundusze-unijne\\\/#breadcrumb\"},\"inLanguage\":\"pl-PL\",\"potentialAction\":[{\"@type\":\"ReadAction\",\"target\":[\"https:\\\/\\\/enelion.com\\\/pl\\\/fundusze-unijne\\\/\"]}]},{\"@type\":\"ImageObject\",\"inLanguage\":\"pl-PL\",\"@id\":\"https:\\\/\\\/enelion.com\\\/pl\\\/fundusze-unijne\\\/#primaryimage\",\"url\":\"https:\\\/\\\/enelion.com\\\/wp-content\\\/uploads\\\/2022\\\/07\\\/FE_POIR_poziom_pl-1_rgb-scaled-1.jpg\",\"contentUrl\":\"https:\\\/\\\/enelion.com\\\/wp-content\\\/uploads\\\/2022\\\/07\\\/FE_POIR_poziom_pl-1_rgb-scaled-1.jpg\"},{\"@type\":\"BreadcrumbList\",\"@id\":\"https:\\\/\\\/enelion.com\\\/pl\\\/fundusze-unijne\\\/#breadcrumb\",\"itemListElement\":[{\"@type\":\"ListItem\",\"position\":1,\"name\":\"Strona g\u0142\u00f3wna\",\"item\":\"https:\\\/\\\/enelion.com\\\/pl\\\/\"},{\"@type\":\"ListItem\",\"position\":2,\"name\":\"Fundusze Unijne\"}]},{\"@type\":\"WebSite\",\"@id\":\"https:\\\/\\\/enelion.com\\\/pl\\\/#website\",\"url\":\"https:\\\/\\\/enelion.com\\\/pl\\\/\",\"name\":\"Enelion\",\"description\":\"\",\"potentialAction\":[{\"@type\":\"SearchAction\",\"target\":{\"@type\":\"EntryPoint\",\"urlTemplate\":\"https:\\\/\\\/enelion.com\\\/pl\\\/?s={search_term_string}\"},\"query-input\":{\"@type\":\"PropertyValueSpecification\",\"valueRequired\":true,\"valueName\":\"search_term_string\"}}],\"inLanguage\":\"pl-PL\"}]}<\/script>\n<!-- \/ Yoast SEO plugin. -->","yoast_head_json":{"title":"Fundusze Unijne - Enelion","robots":{"index":"index","follow":"follow","max-snippet":"max-snippet:-1","max-image-preview":"max-image-preview:large","max-video-preview":"max-video-preview:-1"},"canonical":"https:\/\/enelion.com\/pl\/fundusze-unijne\/","og_locale":"pl_PL","og_type":"article","og_title":"Fundusze Unijne - Enelion","og_description":"Inteligentny Rozw\u00f3j, poddzia\u0142anie 3.3.3 Wsparcie M\u015aP w promocji marek produktowych \u2013 Go to Brand POIR.03.03.03-22-0093\/19 Promocja marki produktowej Enelion Sp. z o.o. na rynkach zagranicznych w celu zwi\u0119kszenia rozpoznawalno\u015bci sp\u00f3\u0142ki. Celem projektu jest wzrost konkurencyjno\u015bci przedsi\u0119biorstwa Enelion Sp z o.o. na rynku mi\u0119dzynarodowym poprzez kompleksowe promowanie produkt\u00f3w: Wallbox, Vertica, Stilo b\u0119d\u0105cych w\u0142asno\u015bci\u0105 sp\u00f3\u0142ki Enelion. S\u0105 [&hellip;]","og_url":"https:\/\/enelion.com\/pl\/fundusze-unijne\/","og_site_name":"Enelion","article_modified_time":"2022-07-04T12:38:15+00:00","og_image":[{"url":"https:\/\/enelion.com\/wp-content\/uploads\/2022\/07\/FE_POIR_poziom_pl-1_rgb-scaled-1.jpg","type":"","width":"","height":""}],"twitter_card":"summary_large_image","twitter_misc":{"Szacowany czas czytania":"4 minuty"},"schema":{"@context":"https:\/\/schema.org","@graph":[{"@type":"WebPage","@id":"https:\/\/enelion.com\/pl\/fundusze-unijne\/","url":"https:\/\/enelion.com\/pl\/fundusze-unijne\/","name":"Fundusze Unijne - Enelion","isPartOf":{"@id":"https:\/\/enelion.com\/pl\/#website"},"primaryImageOfPage":{"@id":"https:\/\/enelion.com\/pl\/fundusze-unijne\/#primaryimage"},"image":{"@id":"https:\/\/enelion.com\/pl\/fundusze-unijne\/#primaryimage"},"thumbnailUrl":"https:\/\/enelion.com\/wp-content\/uploads\/2022\/07\/FE_POIR_poziom_pl-1_rgb-scaled-1.jpg","datePublished":"2022-07-04T12:15:36+00:00","dateModified":"2022-07-04T12:38:15+00:00","breadcrumb":{"@id":"https:\/\/enelion.com\/pl\/fundusze-unijne\/#breadcrumb"},"inLanguage":"pl-PL","potentialAction":[{"@type":"ReadAction","target":["https:\/\/enelion.com\/pl\/fundusze-unijne\/"]}]},{"@type":"ImageObject","inLanguage":"pl-PL","@id":"https:\/\/enelion.com\/pl\/fundusze-unijne\/#primaryimage","url":"https:\/\/enelion.com\/wp-content\/uploads\/2022\/07\/FE_POIR_poziom_pl-1_rgb-scaled-1.jpg","contentUrl":"https:\/\/enelion.com\/wp-content\/uploads\/2022\/07\/FE_POIR_poziom_pl-1_rgb-scaled-1.jpg"},{"@type":"BreadcrumbList","@id":"https:\/\/enelion.com\/pl\/fundusze-unijne\/#breadcrumb","itemListElement":[{"@type":"ListItem","position":1,"name":"Strona g\u0142\u00f3wna","item":"https:\/\/enelion.com\/pl\/"},{"@type":"ListItem","position":2,"name":"Fundusze Unijne"}]},{"@type":"WebSite","@id":"https:\/\/enelion.com\/pl\/#website","url":"https:\/\/enelion.com\/pl\/","name":"Enelion","description":"","potentialAction":[{"@type":"SearchAction","target":{"@type":"EntryPoint","urlTemplate":"https:\/\/enelion.com\/pl\/?s={search_term_string}"},"query-input":{"@type":"PropertyValueSpecification","valueRequired":true,"valueName":"search_term_string"}}],"inLanguage":"pl-PL"}]}},"_links":{"self":[{"href":"https:\/\/enelion.com\/pl\/wp-json\/wp\/v2\/pages\/2085","targetHints":{"allow":["GET"]}}],"collection":[{"href":"https:\/\/enelion.com\/pl\/wp-json\/wp\/v2\/pages"}],"about":[{"href":"https:\/\/enelion.com\/pl\/wp-json\/wp\/v2\/types\/page"}],"author":[{"embeddable":true,"href":"https:\/\/enelion.com\/pl\/wp-json\/wp\/v2\/users\/1"}],"replies":[{"embeddable":true,"href":"https:\/\/enelion.com\/pl\/wp-json\/wp\/v2\/comments?post=2085"}],"version-history":[{"count":8,"href":"https:\/\/enelion.com\/pl\/wp-json\/wp\/v2\/pages\/2085\/revisions"}],"predecessor-version":[{"id":2096,"href":"https:\/\/enelion.com\/pl\/wp-json\/wp\/v2\/pages\/2085\/revisions\/2096"}],"wp:attachment":[{"href":"https:\/\/enelion.com\/pl\/wp-json\/wp\/v2\/media?parent=2085"}],"curies":[{"name":"wp","href":"https:\/\/api.w.org\/{rel}","templated":true}]}}