{"id":10087,"date":"2024-03-18T13:46:22","date_gmt":"2024-03-18T12:46:22","guid":{"rendered":"https:\/\/enelion.com\/?page_id=10087"},"modified":"2024-03-18T13:59:04","modified_gmt":"2024-03-18T12:59:04","slug":"rekrutacja-enelion","status":"publish","type":"page","link":"https:\/\/enelion.com\/pl\/dolacz-do-nas\/rekrutacja-enelion\/","title":{"rendered":"Rekrutacja ENELION"},"content":{"rendered":"<div class=\"oKdM2c ZZyype Kzv0Me\">\n<div id=\"h.48e93019ef6b1600_10\" class=\"hJDwNd-AhqUyc-OwsYgb Ft7HRd-AhqUyc-OwsYgb jXK9ad D2fZ2 zu5uec OjCsFc dmUFtb\">\n<div class=\"jXK9ad-SmKAyb\">\n<div class=\"tyJCtd mGzaTb Depvyb baZpAe\">\n<div class=\"CjVfdc\"><strong><span class=\"J3nsZ C9DxTc \"><span style=\"vertical-align: inherit;\"><span style=\"vertical-align: inherit;\">Pracuj z nami!<\/span><\/span><\/span><\/strong><\/div>\n<\/div>\n<\/div>\n<\/div>\n<\/div>\n<div class=\"oKdM2c ZZyype\">\n<div id=\"h.48e93019ef6b1600_12\" class=\"hJDwNd-AhqUyc-OwsYgb Ft7HRd-AhqUyc-OwsYgb jXK9ad D2fZ2 zu5uec wHaque g5GTcb\">\n<div class=\"jXK9ad-SmKAyb\">\n<div class=\"tyJCtd mGzaTb Depvyb baZpAe\">\n<p class=\"zfr3Q CDt4Ke \" dir=\"ltr\"><span class=\"C9DxTc \"><span style=\"vertical-align: inherit;\"><span style=\"vertical-align: inherit;\">Je\u015bli nie masz ofert pracy, kt\u00f3ra jest ci\u0119\u017cka, napisz do nas i wy\u015blij swoje CV na adres E-mail: rekrutacja@enelion.pl<\/span><\/span><\/span><\/p>\n<p class=\"zfr3Q CDt4Ke \" dir=\"ltr\"><span class=\"C9DxTc \"><span style=\"vertical-align: inherit;\"><span style=\"vertical-align: inherit;\">Skontaktuj si\u0119 z nami i przedstawimy nasz\u0105 ofert\u0119!<\/span><\/span><\/span><\/p>\n<\/div>\n<\/div>\n<\/div>\n<\/div>\n","protected":false},"excerpt":{"rendered":"<p>Pracuj z nami! Je\u015bli nie masz ofert pracy, kt\u00f3ra jest ci\u0119\u017cka, napisz do nas i wy\u015blij swoje CV na adres E-mail: rekrutacja@enelion.pl Skontaktuj si\u0119 z nami i przedstawimy nasz\u0105 ofert\u0119!<\/p>\n","protected":false},"author":2,"featured_media":0,"parent":4353,"menu_order":0,"comment_status":"closed","ping_status":"closed","template":"template-dolacz.php","meta":{"_acf_changed":false,"footnotes":""},"class_list":["post-10087","page","type-page","status-publish","hentry"],"acf":[],"yoast_head":"<!-- This site is optimized with the Yoast SEO plugin v27.5 - https:\/\/yoast.com\/product\/yoast-seo-wordpress\/ -->\n<title>Rekrutacja ENELION - Enelion<\/title>\n<meta name=\"robots\" content=\"index, follow, max-snippet:-1, max-image-preview:large, max-video-preview:-1\" \/>\n<link rel=\"canonical\" href=\"https:\/\/enelion.com\/pl\/dolacz-do-nas\/rekrutacja-enelion\/\" \/>\n<meta property=\"og:locale\" content=\"pl_PL\" \/>\n<meta property=\"og:type\" content=\"article\" \/>\n<meta property=\"og:title\" content=\"Rekrutacja ENELION - Enelion\" \/>\n<meta property=\"og:description\" content=\"Pracuj z nami! Je\u015bli nie masz ofert pracy, kt\u00f3ra jest ci\u0119\u017cka, napisz do nas i wy\u015blij swoje CV na adres E-mail: rekrutacja@enelion.pl Skontaktuj si\u0119 z nami i przedstawimy nasz\u0105 ofert\u0119!\" \/>\n<meta property=\"og:url\" content=\"https:\/\/enelion.com\/pl\/dolacz-do-nas\/rekrutacja-enelion\/\" \/>\n<meta property=\"og:site_name\" content=\"Enelion\" \/>\n<meta property=\"article:modified_time\" content=\"2024-03-18T12:59:04+00:00\" \/>\n<meta property=\"og:image\" content=\"https:\/\/enelion.com\/wp-content\/uploads\/2023\/02\/cropped-fav512.png\" \/>\n\t<meta property=\"og:image:width\" content=\"512\" \/>\n\t<meta property=\"og:image:height\" content=\"512\" \/>\n\t<meta property=\"og:image:type\" content=\"image\/png\" \/>\n<meta name=\"twitter:card\" content=\"summary_large_image\" \/>\n<meta name=\"twitter:label1\" content=\"Szacowany czas czytania\" \/>\n\t<meta name=\"twitter:data1\" content=\"1 minuta\" \/>\n<script type=\"application\/ld+json\" class=\"yoast-schema-graph\">{\"@context\":\"https:\\\/\\\/schema.org\",\"@graph\":[{\"@type\":\"WebPage\",\"@id\":\"https:\\\/\\\/enelion.com\\\/pl\\\/dolacz-do-nas\\\/rekrutacja-enelion\\\/\",\"url\":\"https:\\\/\\\/enelion.com\\\/pl\\\/dolacz-do-nas\\\/rekrutacja-enelion\\\/\",\"name\":\"Rekrutacja ENELION - Enelion\",\"isPartOf\":{\"@id\":\"https:\\\/\\\/enelion.com\\\/pl\\\/#website\"},\"datePublished\":\"2024-03-18T12:46:22+00:00\",\"dateModified\":\"2024-03-18T12:59:04+00:00\",\"breadcrumb\":{\"@id\":\"https:\\\/\\\/enelion.com\\\/pl\\\/dolacz-do-nas\\\/rekrutacja-enelion\\\/#breadcrumb\"},\"inLanguage\":\"pl-PL\",\"potentialAction\":[{\"@type\":\"ReadAction\",\"target\":[\"https:\\\/\\\/enelion.com\\\/pl\\\/dolacz-do-nas\\\/rekrutacja-enelion\\\/\"]}]},{\"@type\":\"BreadcrumbList\",\"@id\":\"https:\\\/\\\/enelion.com\\\/pl\\\/dolacz-do-nas\\\/rekrutacja-enelion\\\/#breadcrumb\",\"itemListElement\":[{\"@type\":\"ListItem\",\"position\":1,\"name\":\"Strona g\u0142\u00f3wna\",\"item\":\"https:\\\/\\\/enelion.com\\\/pl\\\/\"},{\"@type\":\"ListItem\",\"position\":2,\"name\":\"Do\u0142\u0105cz do nas\",\"item\":\"https:\\\/\\\/enelion.com\\\/pl\\\/dolacz-do-nas\\\/\"},{\"@type\":\"ListItem\",\"position\":3,\"name\":\"Rekrutacja ENELION\"}]},{\"@type\":\"WebSite\",\"@id\":\"https:\\\/\\\/enelion.com\\\/pl\\\/#website\",\"url\":\"https:\\\/\\\/enelion.com\\\/pl\\\/\",\"name\":\"Enelion\",\"description\":\"\",\"potentialAction\":[{\"@type\":\"SearchAction\",\"target\":{\"@type\":\"EntryPoint\",\"urlTemplate\":\"https:\\\/\\\/enelion.com\\\/pl\\\/?s={search_term_string}\"},\"query-input\":{\"@type\":\"PropertyValueSpecification\",\"valueRequired\":true,\"valueName\":\"search_term_string\"}}],\"inLanguage\":\"pl-PL\"}]}<\/script>\n<!-- \/ Yoast SEO plugin. -->","yoast_head_json":{"title":"Rekrutacja ENELION - Enelion","robots":{"index":"index","follow":"follow","max-snippet":"max-snippet:-1","max-image-preview":"max-image-preview:large","max-video-preview":"max-video-preview:-1"},"canonical":"https:\/\/enelion.com\/pl\/dolacz-do-nas\/rekrutacja-enelion\/","og_locale":"pl_PL","og_type":"article","og_title":"Rekrutacja ENELION - Enelion","og_description":"Pracuj z nami! Je\u015bli nie masz ofert pracy, kt\u00f3ra jest ci\u0119\u017cka, napisz do nas i wy\u015blij swoje CV na adres E-mail: rekrutacja@enelion.pl Skontaktuj si\u0119 z nami i przedstawimy nasz\u0105 ofert\u0119!","og_url":"https:\/\/enelion.com\/pl\/dolacz-do-nas\/rekrutacja-enelion\/","og_site_name":"Enelion","article_modified_time":"2024-03-18T12:59:04+00:00","og_image":[{"width":512,"height":512,"url":"https:\/\/enelion.com\/wp-content\/uploads\/2023\/02\/cropped-fav512.png","type":"image\/png"}],"twitter_card":"summary_large_image","twitter_misc":{"Szacowany czas czytania":"1 minuta"},"schema":{"@context":"https:\/\/schema.org","@graph":[{"@type":"WebPage","@id":"https:\/\/enelion.com\/pl\/dolacz-do-nas\/rekrutacja-enelion\/","url":"https:\/\/enelion.com\/pl\/dolacz-do-nas\/rekrutacja-enelion\/","name":"Rekrutacja ENELION - Enelion","isPartOf":{"@id":"https:\/\/enelion.com\/pl\/#website"},"datePublished":"2024-03-18T12:46:22+00:00","dateModified":"2024-03-18T12:59:04+00:00","breadcrumb":{"@id":"https:\/\/enelion.com\/pl\/dolacz-do-nas\/rekrutacja-enelion\/#breadcrumb"},"inLanguage":"pl-PL","potentialAction":[{"@type":"ReadAction","target":["https:\/\/enelion.com\/pl\/dolacz-do-nas\/rekrutacja-enelion\/"]}]},{"@type":"BreadcrumbList","@id":"https:\/\/enelion.com\/pl\/dolacz-do-nas\/rekrutacja-enelion\/#breadcrumb","itemListElement":[{"@type":"ListItem","position":1,"name":"Strona g\u0142\u00f3wna","item":"https:\/\/enelion.com\/pl\/"},{"@type":"ListItem","position":2,"name":"Do\u0142\u0105cz do nas","item":"https:\/\/enelion.com\/pl\/dolacz-do-nas\/"},{"@type":"ListItem","position":3,"name":"Rekrutacja ENELION"}]},{"@type":"WebSite","@id":"https:\/\/enelion.com\/pl\/#website","url":"https:\/\/enelion.com\/pl\/","name":"Enelion","description":"","potentialAction":[{"@type":"SearchAction","target":{"@type":"EntryPoint","urlTemplate":"https:\/\/enelion.com\/pl\/?s={search_term_string}"},"query-input":{"@type":"PropertyValueSpecification","valueRequired":true,"valueName":"search_term_string"}}],"inLanguage":"pl-PL"}]}},"_links":{"self":[{"href":"https:\/\/enelion.com\/pl\/wp-json\/wp\/v2\/pages\/10087","targetHints":{"allow":["GET"]}}],"collection":[{"href":"https:\/\/enelion.com\/pl\/wp-json\/wp\/v2\/pages"}],"about":[{"href":"https:\/\/enelion.com\/pl\/wp-json\/wp\/v2\/types\/page"}],"author":[{"embeddable":true,"href":"https:\/\/enelion.com\/pl\/wp-json\/wp\/v2\/users\/2"}],"replies":[{"embeddable":true,"href":"https:\/\/enelion.com\/pl\/wp-json\/wp\/v2\/comments?post=10087"}],"version-history":[{"count":8,"href":"https:\/\/enelion.com\/pl\/wp-json\/wp\/v2\/pages\/10087\/revisions"}],"predecessor-version":[{"id":10098,"href":"https:\/\/enelion.com\/pl\/wp-json\/wp\/v2\/pages\/10087\/revisions\/10098"}],"up":[{"embeddable":true,"href":"https:\/\/enelion.com\/pl\/wp-json\/wp\/v2\/pages\/4353"}],"wp:attachment":[{"href":"https:\/\/enelion.com\/pl\/wp-json\/wp\/v2\/media?parent=10087"}],"curies":[{"name":"wp","href":"https:\/\/api.w.org\/{rel}","templated":true}]}}